{"id":1298,"date":"2018-11-16T16:44:54","date_gmt":"2018-11-16T15:44:54","guid":{"rendered":"http:\/\/dorfpages-bayern.digitale-doerfer.de\/?page_id=1298"},"modified":"2025-05-17T09:17:33","modified_gmt":"2025-05-17T09:17:33","slug":"impressum","status":"publish","type":"page","link":"https:\/\/hiddingsen.de\/?page_id=1298","title":{"rendered":"Impressum"},"content":{"rendered":"<h2>Herausgeber<\/h2>\n<p>Ortsvorsteher Michael Scherer<br \/>\nLanner 4a<br \/>\n59494 Soest<br \/>\n02921-667379<br \/>\n<a href=\"mailto:ortsvorsteher@localhost\">ortsvorsteher@hiddingsen.de<\/a><\/p>\n<p>&nbsp;<\/p>\n<p>&nbsp;<\/p>\n<p>&nbsp;<\/p>\n<p><strong>Nutzungsrechte<\/strong><\/p>\n<p>Copyright \u00a9 by <a class=\"external-link\" title=\"Follow link\" href=\"http:\/\/localhost\/wordpress\/\" target=\"_blank\" rel=\"nofollow noopener\">www.hiddingsen.de<\/a><\/p>\n<p>Alle Rechte vorbehalten.<br \/>\nDie Urheberrechte dieser Webseite liegen vollst\u00e4ndig bei <a class=\"external-link\" title=\"Follow link\" href=\"http:\/\/localhost\/wordpress\/\" target=\"_blank\" rel=\"nofollow noopener\">www.hiddingsen.de<\/a>.<\/p>\n<p>Ein Download oder Ausdruck dieser Ver\u00f6ffentlichungen ist ausschlie\u00dflich f\u00fcr den pers\u00f6nlichen Gebrauch gestattet. Alle dar\u00fcber hinaus gehenden Verwendungen, insbesondere die kommerzielle Nutzung und Verbreitung, sind grunds\u00e4tzlich nicht gestattet und bed\u00fcrfen der schriftlichen Genehmigung.<\/p>\n<p>&nbsp;<\/p>\n<p><strong>Haftungshinweis<\/strong><\/p>\n<p>Wir \u00fcbernehmen keine Haftung f\u00fcr die Inhalte externer Links. F\u00fcr den Inhalt der verlinkten Seiten sind ausschlie\u00dflich deren Betreiber verantwortlich.<\/p>\n<p>Wir sind bem\u00fcht, das Webangebot stets aktuell und inhaltlich richtig sowie vollst\u00e4ndig anzubieten. Dennoch ist das Auftreten von Fehlern nicht v\u00f6llig auszuschlie\u00dfen. Wir \u00fcbernehmen keine Haftung f\u00fcr die Aktualit\u00e4t, die inhaltliche Richtigkeit sowie f\u00fcr die Vollst\u00e4ndigkeit der in ihrem Webangebot eingestellten Informationen. Dies bezieht sich auf eventuelle Sch\u00e4den materieller oder ideeller Art Dritter, die durch die Nutzung dieses Webangebotes verursacht wurden.<\/p>\n<p>Gesch\u00fctzte Marken und Namen, Bilder und Texte werden auf unseren Seiten in der Regel nicht als solche kenntlich gemacht. Das Fehlen einer solchen Kennzeichnung bedeutet jedoch nicht, dass es sich um einen freien Namen, ein freies Bild oder einen freien Text im Sinne des Markenzeichenrechts handelt.<\/p>\n","protected":false},"excerpt":{"rendered":"<p>Herausgeber Ortsvorsteher Michael Scherer Lanner 4a 59494 Soest 02921-667379 ortsvorsteher@hiddingsen.de &nbsp; &nbsp; &nbsp; Nutzungsrechte Copyright \u00a9 by www.hiddingsen.de Alle Rechte vorbehalten. Die Urheberrechte dieser Webseite liegen vollst\u00e4ndig bei www.hiddingsen.de. Ein [&hellip;]<\/p>\n","protected":false},"author":2,"featured_media":0,"parent":0,"menu_order":80,"comment_status":"closed","ping_status":"closed","template":"page-templates\/narrow.php","meta":{"_EventAllDay":false,"_EventTimezone":"","_EventStartDate":"","_EventEndDate":"","_EventStartDateUTC":"","_EventEndDateUTC":"","_EventShowMap":false,"_EventShowMapLink":false,"_EventURL":"","_EventCost":"","_EventCostDescription":"","_EventCurrencySymbol":"","_EventCurrencyCode":"","_EventCurrencyPosition":"","_EventDateTimeSeparator":"","_EventTimeRangeSeparator":"","_EventOrganizerID":[],"_EventVenueID":[],"_OrganizerEmail":"","_OrganizerPhone":"","_OrganizerWebsite":"","_VenueAddress":"","_VenueCity":"","_VenueCountry":"","_VenueProvince":"","_VenueState":"","_VenueZip":"","_VenuePhone":"","_VenueURL":"","_VenueStateProvince":"","_VenueLat":"","_VenueLng":"","_VenueShowMap":false,"_VenueShowMapLink":false,"footnotes":""},"class_list":["post-1298","page","type-page","status-publish","hentry"],"_links":{"self":[{"href":"https:\/\/hiddingsen.de\/index.php?rest_route=\/wp\/v2\/pages\/1298","targetHints":{"allow":["GET"]}}],"collection":[{"href":"https:\/\/hiddingsen.de\/index.php?rest_route=\/wp\/v2\/pages"}],"about":[{"href":"https:\/\/hiddingsen.de\/index.php?rest_route=\/wp\/v2\/types\/page"}],"author":[{"embeddable":true,"href":"https:\/\/hiddingsen.de\/index.php?rest_route=\/wp\/v2\/users\/2"}],"replies":[{"embeddable":true,"href":"https:\/\/hiddingsen.de\/index.php?rest_route=%2Fwp%2Fv2%2Fcomments&post=1298"}],"version-history":[{"count":3,"href":"https:\/\/hiddingsen.de\/index.php?rest_route=\/wp\/v2\/pages\/1298\/revisions"}],"predecessor-version":[{"id":15550,"href":"https:\/\/hiddingsen.de\/index.php?rest_route=\/wp\/v2\/pages\/1298\/revisions\/15550"}],"wp:attachment":[{"href":"https:\/\/hiddingsen.de\/index.php?rest_route=%2Fwp%2Fv2%2Fmedia&parent=1298"}],"curies":[{"name":"wp","href":"https:\/\/api.w.org\/{rel}","templated":true}]}}