{"id":15086,"date":"2022-09-04T16:47:52","date_gmt":"2022-09-04T14:47:52","guid":{"rendered":"http:\/\/localhost\/wordpress\/?page_id=15086"},"modified":"2022-09-04T16:47:52","modified_gmt":"2022-09-04T14:47:52","slug":"weitere-links","status":"publish","type":"page","link":"https:\/\/hiddingsen.de\/?page_id=15086","title":{"rendered":"Weitere Links"},"content":{"rendered":"<p><a href=\"https:\/\/www.buerger-schuetzen-verein.de\" target=\"_blank\" rel=\"noopener\">Der B\u00fcrgersch\u00fctzenverein zu Soest<\/a><\/p>\n<p><a href=\"https:\/\/www.muellingsen.de\" target=\"_blank\" rel=\"noopener\">Unsere Nachbarn aus M\u00fcllingsen<\/a><\/p>\n<p><a href=\"https:\/\/www.feuerwehr-soest.de\/startseite.html\" target=\"_blank\" rel=\"noopener\">Die Feuerwehr der Stadt Soest<\/a><\/p>\n<p>&nbsp;<\/p>\n","protected":false},"excerpt":{"rendered":"<p>Der B\u00fcrgersch\u00fctzenverein zu Soest Unsere Nachbarn aus M\u00fcllingsen Die Feuerwehr der Stadt Soest &nbsp;<\/p>\n","protected":false},"author":8,"featured_media":0,"parent":0,"menu_order":0,"comment_status":"closed","ping_status":"closed","template":"","meta":{"_EventAllDay":false,"_EventTimezone":"","_EventStartDate":"","_EventEndDate":"","_EventStartDateUTC":"","_EventEndDateUTC":"","_EventShowMap":false,"_EventShowMapLink":false,"_EventURL":"","_EventCost":"","_EventCostDescription":"","_EventCurrencySymbol":"","_EventCurrencyCode":"","_EventCurrencyPosition":"","_EventDateTimeSeparator":"","_EventTimeRangeSeparator":"","_EventOrganizerID":[],"_EventVenueID":[],"_OrganizerEmail":"","_OrganizerPhone":"","_OrganizerWebsite":"","_VenueAddress":"","_VenueCity":"","_VenueCountry":"","_VenueProvince":"","_VenueState":"","_VenueZip":"","_VenuePhone":"","_VenueURL":"","_VenueStateProvince":"","_VenueLat":"","_VenueLng":"","_VenueShowMap":false,"_VenueShowMapLink":false,"footnotes":""},"class_list":["post-15086","page","type-page","status-publish","hentry"],"_links":{"self":[{"href":"https:\/\/hiddingsen.de\/index.php?rest_route=\/wp\/v2\/pages\/15086","targetHints":{"allow":["GET"]}}],"collection":[{"href":"https:\/\/hiddingsen.de\/index.php?rest_route=\/wp\/v2\/pages"}],"about":[{"href":"https:\/\/hiddingsen.de\/index.php?rest_route=\/wp\/v2\/types\/page"}],"author":[{"embeddable":true,"href":"https:\/\/hiddingsen.de\/index.php?rest_route=\/wp\/v2\/users\/8"}],"replies":[{"embeddable":true,"href":"https:\/\/hiddingsen.de\/index.php?rest_route=%2Fwp%2Fv2%2Fcomments&post=15086"}],"version-history":[{"count":0,"href":"https:\/\/hiddingsen.de\/index.php?rest_route=\/wp\/v2\/pages\/15086\/revisions"}],"wp:attachment":[{"href":"https:\/\/hiddingsen.de\/index.php?rest_route=%2Fwp%2Fv2%2Fmedia&parent=15086"}],"curies":[{"name":"wp","href":"https:\/\/api.w.org\/{rel}","templated":true}]}}